{"id":100,"date":"2019-07-08T11:12:43","date_gmt":"2019-07-08T11:12:43","guid":{"rendered":"https:\/\/www.aspasl.com\/?page_id=100"},"modified":"2019-11-27T10:00:33","modified_gmt":"2019-11-27T10:00:33","slug":"fotografia-de-naturaleza","status":"publish","type":"page","link":"https:\/\/www.aspasl.com\/index.php\/fotografia-de-naturaleza\/","title":{"rendered":"Fotograf\u00eda de naturaleza"},"content":{"rendered":"\t\t<div data-elementor-type=\"wp-post\" data-elementor-id=\"100\" class=\"elementor elementor-100\" data-elementor-post-type=\"page\">\n\t\t\t\t\t\t<section class=\"elementor-section elementor-top-section elementor-element elementor-element-652cdb4a elementor-section-boxed elementor-section-height-default elementor-section-height-default\" data-id=\"652cdb4a\" data-element_type=\"section\">\n\t\t\t\t\t\t<div class=\"elementor-container elementor-column-gap-default\">\n\t\t\t\t\t<div class=\"elementor-column elementor-col-100 elementor-top-column elementor-element elementor-element-2d75374a\" data-id=\"2d75374a\" data-element_type=\"column\">\n\t\t\t<div class=\"elementor-widget-wrap elementor-element-populated\">\n\t\t\t\t\t\t<div class=\"elementor-element elementor-element-67ab8a29 elementor-widget elementor-widget-text-editor\" data-id=\"67ab8a29\" data-element_type=\"widget\" data-widget_type=\"text-editor.default\">\n\t\t\t\t<div class=\"elementor-widget-container\">\n\t\t\t\t\t\t\t\t\t<p><\/p>\n<div class=\"wp-block-image\">\n<figure class=\"aligncenter is-resized\"><a href=\"https:\/\/www.hidesfotograficos.es\" target=\"_blank\" rel=\"noreferrer noopener\"><img decoding=\"async\" class=\"wp-image-141 aligncenter\" src=\"https:\/\/www.aspasl.com\/wp-content\/uploads\/2019\/07\/LOGO-HIDES-TRANS-e1562666824344-1024x346.png\" alt=\"\" width=\"341\" height=\"114\" srcset=\"https:\/\/www.aspasl.com\/wp-content\/uploads\/2019\/07\/LOGO-HIDES-TRANS-e1562666824344-1024x346.png 1024w, https:\/\/www.aspasl.com\/wp-content\/uploads\/2019\/07\/LOGO-HIDES-TRANS-e1562666824344-300x101.png 300w, https:\/\/www.aspasl.com\/wp-content\/uploads\/2019\/07\/LOGO-HIDES-TRANS-e1562666824344-768x260.png 768w, https:\/\/www.aspasl.com\/wp-content\/uploads\/2019\/07\/LOGO-HIDES-TRANS-e1562666824344-1232x416.png 1232w, https:\/\/www.aspasl.com\/wp-content\/uploads\/2019\/07\/LOGO-HIDES-TRANS-e1562666824344.png 1485w\" sizes=\"(max-width: 341px) 100vw, 341px\" \/><\/a><\/figure>\n<\/div>\n<p><\/p>\n<p style=\"text-align: left;\">Los hides son escondites especialmente dise\u00f1ados para permitir al fot\u00f3grafo de naturaleza conseguir capturas \u00fanicas de animales salvajes a escasos metros de ellos sin interferir de ning\u00fan modo en su conducta.<\/p>\n<p><\/p>\n<p style=\"text-align: left;\">En nuestra web <a href=\"http:\/\/www.hidesfotograficos.es\">www.hidesfotograficos.es<\/a> ofrecemos al fot\u00f3grafo aficionado y al profesional un \u00fanico lugar donde agrupar\u00a0los hides presentes en su entorno cercano. Describimos sus caracter\u00edsticas, aportamos fotos orientativas y facilitamos los datos de contacto de los promotores y gestores de los hides. Tambi\u00e9n hacemos valoraciones objetivas de los hides, y recomendaciones para los usuarios.<\/p>\n<p><\/p>\t\t\t\t\t\t\t\t<\/div>\n\t\t\t\t<\/div>\n\t\t\t\t\t<\/div>\n\t\t<\/div>\n\t\t\t\t\t<\/div>\n\t\t<\/section>\n\t\t\t\t<section class=\"elementor-section elementor-top-section elementor-element elementor-element-b33de76 elementor-section-boxed elementor-section-height-default elementor-section-height-default\" data-id=\"b33de76\" data-element_type=\"section\">\n\t\t\t\t\t\t<div class=\"elementor-container elementor-column-gap-default\">\n\t\t\t\t\t<div class=\"elementor-column elementor-col-50 elementor-top-column elementor-element elementor-element-0ead433\" data-id=\"0ead433\" data-element_type=\"column\">\n\t\t\t<div class=\"elementor-widget-wrap elementor-element-populated\">\n\t\t\t\t\t\t<div class=\"elementor-element elementor-element-aa8d4a2 elementor-widget elementor-widget-image\" data-id=\"aa8d4a2\" data-element_type=\"widget\" data-widget_type=\"image.default\">\n\t\t\t\t<div class=\"elementor-widget-container\">\n\t\t\t\t\t\t\t\t\t\t\t\t\t\t\t\t<a href=\"https:\/\/www.hidesfotograficos.es\/\" target=\"_blank\">\n\t\t\t\t\t\t\t<img fetchpriority=\"high\" decoding=\"async\" width=\"900\" height=\"667\" src=\"https:\/\/www.aspasl.com\/wp-content\/uploads\/2019\/11\/webhidesfotograficos.jpg\" class=\"attachment-large size-large wp-image-649\" alt=\"\" srcset=\"https:\/\/www.aspasl.com\/wp-content\/uploads\/2019\/11\/webhidesfotograficos.jpg 900w, https:\/\/www.aspasl.com\/wp-content\/uploads\/2019\/11\/webhidesfotograficos-300x222.jpg 300w, https:\/\/www.aspasl.com\/wp-content\/uploads\/2019\/11\/webhidesfotograficos-768x569.jpg 768w\" sizes=\"(max-width: 900px) 100vw, 900px\" \/>\t\t\t\t\t\t\t\t<\/a>\n\t\t\t\t\t\t\t\t\t\t\t\t\t\t\t<\/div>\n\t\t\t\t<\/div>\n\t\t\t\t\t<\/div>\n\t\t<\/div>\n\t\t\t\t<div class=\"elementor-column elementor-col-50 elementor-top-column elementor-element elementor-element-0a29e4e\" data-id=\"0a29e4e\" data-element_type=\"column\">\n\t\t\t<div class=\"elementor-widget-wrap elementor-element-populated\">\n\t\t\t\t\t\t<div class=\"elementor-element elementor-element-2a1c7e4 elementor-widget elementor-widget-text-editor\" data-id=\"2a1c7e4\" data-element_type=\"widget\" data-widget_type=\"text-editor.default\">\n\t\t\t\t<div class=\"elementor-widget-container\">\n\t\t\t\t\t\t\t\t\t<p>Si eres fot\u00f3grafo de naturaleza puedes contactar con nosotros para que te asesoremos sobre los hides m\u00e1s convenientes, dependiendo de la fecha del a\u00f1o.<\/p>\n<p>Si eres propietario de un hide y quieres aumentar tu visibilidad y incrementar tus clientes, contacta con nosotros para conocer las ventajas de estar incluido en nuestro cat\u00e1logo.<\/p>\n<p>Si quieres construir un hide y obtener unos interesantes ingresos econ\u00f3micos con esta actividad, somos especialistas en el dise\u00f1o, construcci\u00f3n y gesti\u00f3n de hides. Podemos asesortarte para tomar las decisiones importantes y no cometer errores.<\/p>\n<p>\u00a0<\/p>\t\t\t\t\t\t\t\t<\/div>\n\t\t\t\t<\/div>\n\t\t\t\t\t<\/div>\n\t\t<\/div>\n\t\t\t\t\t<\/div>\n\t\t<\/section>\n\t\t\t\t<section class=\"elementor-section elementor-top-section elementor-element elementor-element-2df6652 elementor-section-boxed elementor-section-height-default elementor-section-height-default\" data-id=\"2df6652\" data-element_type=\"section\">\n\t\t\t\t\t\t<div class=\"elementor-container elementor-column-gap-default\">\n\t\t\t\t\t<div class=\"elementor-column elementor-col-100 elementor-top-column elementor-element elementor-element-71dfa2d\" data-id=\"71dfa2d\" data-element_type=\"column\">\n\t\t\t<div class=\"elementor-widget-wrap elementor-element-populated\">\n\t\t\t\t\t\t<div class=\"elementor-element elementor-element-755e838 elementor-widget-divider--view-line elementor-widget elementor-widget-divider\" data-id=\"755e838\" data-element_type=\"widget\" data-widget_type=\"divider.default\">\n\t\t\t\t<div class=\"elementor-widget-container\">\n\t\t\t\t\t\t\t<div class=\"elementor-divider\">\n\t\t\t<span class=\"elementor-divider-separator\">\n\t\t\t\t\t\t<\/span>\n\t\t<\/div>\n\t\t\t\t\t\t<\/div>\n\t\t\t\t<\/div>\n\t\t\t\t\t<\/div>\n\t\t<\/div>\n\t\t\t\t\t<\/div>\n\t\t<\/section>\n\t\t\t\t<section class=\"elementor-section elementor-top-section elementor-element elementor-element-d584a98 elementor-section-boxed elementor-section-height-default elementor-section-height-default\" data-id=\"d584a98\" data-element_type=\"section\">\n\t\t\t\t\t\t<div class=\"elementor-container elementor-column-gap-default\">\n\t\t\t\t\t<div class=\"elementor-column elementor-col-50 elementor-top-column elementor-element elementor-element-96271d6\" data-id=\"96271d6\" data-element_type=\"column\">\n\t\t\t<div class=\"elementor-widget-wrap elementor-element-populated\">\n\t\t\t\t\t\t<div class=\"elementor-element elementor-element-b18249c elementor-widget elementor-widget-image\" data-id=\"b18249c\" data-element_type=\"widget\" data-widget_type=\"image.default\">\n\t\t\t\t<div class=\"elementor-widget-container\">\n\t\t\t\t\t\t\t\t\t\t\t\t\t\t\t\t<a href=\"http:\/\/jggdelolmovisionnatural.blogspot.com\/\" target=\"_blank\">\n\t\t\t\t\t\t\t<img decoding=\"async\" width=\"710\" height=\"474\" src=\"https:\/\/www.aspasl.com\/wp-content\/uploads\/2019\/07\/macho-de-azor-comun.jpg\" class=\"attachment-large size-large wp-image-400\" alt=\"\" srcset=\"https:\/\/www.aspasl.com\/wp-content\/uploads\/2019\/07\/macho-de-azor-comun.jpg 710w, https:\/\/www.aspasl.com\/wp-content\/uploads\/2019\/07\/macho-de-azor-comun-300x200.jpg 300w\" sizes=\"(max-width: 710px) 100vw, 710px\" \/>\t\t\t\t\t\t\t\t<\/a>\n\t\t\t\t\t\t\t\t\t\t\t\t\t\t\t<\/div>\n\t\t\t\t<\/div>\n\t\t\t\t\t<\/div>\n\t\t<\/div>\n\t\t\t\t<div class=\"elementor-column elementor-col-50 elementor-top-column elementor-element elementor-element-8574944\" data-id=\"8574944\" data-element_type=\"column\">\n\t\t\t<div class=\"elementor-widget-wrap elementor-element-populated\">\n\t\t\t\t\t\t<div class=\"elementor-element elementor-element-270dedd elementor-widget elementor-widget-text-editor\" data-id=\"270dedd\" data-element_type=\"widget\" data-widget_type=\"text-editor.default\">\n\t\t\t\t<div class=\"elementor-widget-container\">\n\t\t\t\t\t\t\t\t\t<p>Blog de fotograf\u00eda de naturaleza, de nuestro socio Jes\u00fas Giraldo.<\/p>\n<p>Si est\u00e1s interesado en alguna de las fotos para reproducir en cualquier soporte impreso o digital contacta con nosotros.<\/p>\n<p>\u00a0<\/p>\t\t\t\t\t\t\t\t<\/div>\n\t\t\t\t<\/div>\n\t\t\t\t\t<\/div>\n\t\t<\/div>\n\t\t\t\t\t<\/div>\n\t\t<\/section>\n\t\t\t\t<\/div>\n\t\t","protected":false},"excerpt":{"rendered":"<p>Los hides son escondites especialmente dise\u00f1ados para permitir al fot\u00f3grafo de naturaleza conseguir capturas \u00fanicas de animales salvajes a escasos metros de ellos sin interferir de ning\u00fan modo en su conducta. En nuestra web www.hidesfotograficos.es ofrecemos al fot\u00f3grafo aficionado y al profesional un \u00fanico lugar donde agrupar\u00a0los hides presentes en su entorno cercano. Describimos sus&nbsp;&hellip;<\/p>\n","protected":false},"author":1,"featured_media":0,"parent":0,"menu_order":0,"comment_status":"closed","ping_status":"closed","template":"","meta":{"_monsterinsights_skip_tracking":false,"_monsterinsights_sitenote_active":false,"_monsterinsights_sitenote_note":"","_monsterinsights_sitenote_category":0,"footnotes":""},"class_list":["post-100","page","type-page","status-publish","hentry"],"_links":{"self":[{"href":"https:\/\/www.aspasl.com\/index.php\/wp-json\/wp\/v2\/pages\/100","targetHints":{"allow":["GET"]}}],"collection":[{"href":"https:\/\/www.aspasl.com\/index.php\/wp-json\/wp\/v2\/pages"}],"about":[{"href":"https:\/\/www.aspasl.com\/index.php\/wp-json\/wp\/v2\/types\/page"}],"author":[{"embeddable":true,"href":"https:\/\/www.aspasl.com\/index.php\/wp-json\/wp\/v2\/users\/1"}],"replies":[{"embeddable":true,"href":"https:\/\/www.aspasl.com\/index.php\/wp-json\/wp\/v2\/comments?post=100"}],"version-history":[{"count":0,"href":"https:\/\/www.aspasl.com\/index.php\/wp-json\/wp\/v2\/pages\/100\/revisions"}],"wp:attachment":[{"href":"https:\/\/www.aspasl.com\/index.php\/wp-json\/wp\/v2\/media?parent=100"}],"curies":[{"name":"wp","href":"https:\/\/api.w.org\/{rel}","templated":true}]}}