{"id":1051,"date":"2023-11-27T08:21:21","date_gmt":"2023-11-27T08:21:21","guid":{"rendered":"https:\/\/www.aspasl.com\/?page_id=1051"},"modified":"2023-11-27T09:35:29","modified_gmt":"2023-11-27T09:35:29","slug":"estudios-de-fauna","status":"publish","type":"page","link":"https:\/\/www.aspasl.com\/index.php\/estudios-de-fauna\/","title":{"rendered":"Estudios de fauna"},"content":{"rendered":"\t\t<div data-elementor-type=\"wp-post\" data-elementor-id=\"1051\" class=\"elementor elementor-1051\" data-elementor-post-type=\"page\">\n\t\t\t\t\t\t<section class=\"elementor-section elementor-top-section elementor-element elementor-element-652cdb4a elementor-section-boxed elementor-section-height-default elementor-section-height-default\" data-id=\"652cdb4a\" data-element_type=\"section\">\n\t\t\t\t\t\t<div class=\"elementor-container elementor-column-gap-default\">\n\t\t\t\t\t<div class=\"elementor-column elementor-col-100 elementor-top-column elementor-element elementor-element-2d75374a\" data-id=\"2d75374a\" data-element_type=\"column\">\n\t\t\t<div class=\"elementor-widget-wrap elementor-element-populated\">\n\t\t\t\t\t\t<div class=\"elementor-element elementor-element-67ab8a29 elementor-widget elementor-widget-text-editor\" data-id=\"67ab8a29\" data-element_type=\"widget\" data-widget_type=\"text-editor.default\">\n\t\t\t\t<div class=\"elementor-widget-container\">\n\t\t\t\t\t\t\t\t\t<p>Realizamos estudios de fauna espec\u00edficos para la Evaluaci\u00f3n Ambiental de proyectos, estando especializados en avifauna y tambi\u00e9n mam\u00edferos.<\/p>\n<p>Somo expertos en el uso de equipos basados en <strong>nuevas tecnolog\u00edas<\/strong>, que permiten realizar el seguimiento de la fauna de una manera m\u00e1s eficiente y con el m\u00ednimo de afecci\u00f3n a la fauna.\u00a0 Utilizamos c\u00e1maras de fototrampeo para realizar inventarios de fauna silvestre, como complemento a los censos y seguimiento de las poblaciones de fauna. Tambi\u00e9n disponemos de tecnolog\u00eda para el seguimiento de murci\u00e9lagos, mediante registradores autom\u00e1ticos que graban los ultrasonidos durante largos periodos de tiempo\u00a0 posteriormente pueden ser identificados mediante software espec\u00edfico.\u00a0\u00a0<\/p>\n<p>\u00a0<\/p>\t\t\t\t\t\t\t\t<\/div>\n\t\t\t\t<\/div>\n\t\t\t\t\t<\/div>\n\t\t<\/div>\n\t\t\t\t\t<\/div>\n\t\t<\/section>\n\t\t\t\t<section class=\"elementor-section elementor-top-section elementor-element elementor-element-b33de76 elementor-section-boxed elementor-section-height-default elementor-section-height-default\" data-id=\"b33de76\" data-element_type=\"section\">\n\t\t\t\t\t\t<div class=\"elementor-container elementor-column-gap-default\">\n\t\t\t\t\t<div class=\"elementor-column elementor-col-50 elementor-top-column elementor-element elementor-element-0ead433\" data-id=\"0ead433\" data-element_type=\"column\">\n\t\t\t<div class=\"elementor-widget-wrap elementor-element-populated\">\n\t\t\t\t\t\t<div class=\"elementor-element elementor-element-aa8d4a2 elementor-widget elementor-widget-image\" data-id=\"aa8d4a2\" data-element_type=\"widget\" data-widget_type=\"image.default\">\n\t\t\t\t<div class=\"elementor-widget-container\">\n\t\t\t\t\t\t\t\t\t\t\t\t\t\t\t\t<a href=\"https:\/\/www.hidesfotograficos.es\/\" target=\"_blank\">\n\t\t\t\t\t\t\t<img fetchpriority=\"high\" decoding=\"async\" width=\"1024\" height=\"686\" src=\"https:\/\/www.aspasl.com\/wp-content\/uploads\/2023\/11\/audiomoth_baja.jpg\" class=\"attachment-large size-large wp-image-1054\" alt=\"\" srcset=\"https:\/\/www.aspasl.com\/wp-content\/uploads\/2023\/11\/audiomoth_baja.jpg 1024w, https:\/\/www.aspasl.com\/wp-content\/uploads\/2023\/11\/audiomoth_baja-300x201.jpg 300w, https:\/\/www.aspasl.com\/wp-content\/uploads\/2023\/11\/audiomoth_baja-768x515.jpg 768w\" sizes=\"(max-width: 1024px) 100vw, 1024px\" \/>\t\t\t\t\t\t\t\t<\/a>\n\t\t\t\t\t\t\t\t\t\t\t\t\t\t\t<\/div>\n\t\t\t\t<\/div>\n\t\t\t\t\t<\/div>\n\t\t<\/div>\n\t\t\t\t<div class=\"elementor-column elementor-col-50 elementor-top-column elementor-element elementor-element-0a29e4e\" data-id=\"0a29e4e\" data-element_type=\"column\">\n\t\t\t<div class=\"elementor-widget-wrap elementor-element-populated\">\n\t\t\t\t\t\t<div class=\"elementor-element elementor-element-2a1c7e4 elementor-widget elementor-widget-text-editor\" data-id=\"2a1c7e4\" data-element_type=\"widget\" data-widget_type=\"text-editor.default\">\n\t\t\t\t<div class=\"elementor-widget-container\">\n\t\t\t\t\t\t\t\t\t<p>Los <strong>grabadores de sonidos y ultrasonidos<\/strong> son un excelente aliado para realizar estudios prolongados de fauna mediante el estudio y an\u00e1lisis de sus vocalizaciones. Estos dispositivos almacenan autom\u00e1ticamente los sonidos de insectos, aves y mam\u00edferos, siendo especialmente importante su capacidad de registrar tambi\u00e9n los ultrasonidos que emiten los murci\u00e9lagos.<\/p>\n<p>En el seguimiento de proyectos de instalaciones como parques e\u00f3licos y fotovoltaicos se instalan y se dejan trabajando durante largos periodos de tiempo y permiten conocer con precisi\u00f3n la composici\u00f3n de las poblaciones de quir\u00f3pteros y su evoluci\u00f3n en el tiempo.\u00a0 \u00a0<\/p>\n<p>\u00a0<\/p>\t\t\t\t\t\t\t\t<\/div>\n\t\t\t\t<\/div>\n\t\t\t\t\t<\/div>\n\t\t<\/div>\n\t\t\t\t\t<\/div>\n\t\t<\/section>\n\t\t\t\t<section class=\"elementor-section elementor-top-section elementor-element elementor-element-2df6652 elementor-section-boxed elementor-section-height-default elementor-section-height-default\" data-id=\"2df6652\" data-element_type=\"section\">\n\t\t\t\t\t\t<div class=\"elementor-container elementor-column-gap-default\">\n\t\t\t\t\t<div class=\"elementor-column elementor-col-100 elementor-top-column elementor-element elementor-element-71dfa2d\" data-id=\"71dfa2d\" data-element_type=\"column\">\n\t\t\t<div class=\"elementor-widget-wrap elementor-element-populated\">\n\t\t\t\t\t\t<div class=\"elementor-element elementor-element-755e838 elementor-widget-divider--view-line elementor-widget elementor-widget-divider\" data-id=\"755e838\" data-element_type=\"widget\" data-widget_type=\"divider.default\">\n\t\t\t\t<div class=\"elementor-widget-container\">\n\t\t\t\t\t\t\t<div class=\"elementor-divider\">\n\t\t\t<span class=\"elementor-divider-separator\">\n\t\t\t\t\t\t<\/span>\n\t\t<\/div>\n\t\t\t\t\t\t<\/div>\n\t\t\t\t<\/div>\n\t\t\t\t\t<\/div>\n\t\t<\/div>\n\t\t\t\t\t<\/div>\n\t\t<\/section>\n\t\t\t\t<section class=\"elementor-section elementor-top-section elementor-element elementor-element-0aa25ff elementor-section-boxed elementor-section-height-default elementor-section-height-default\" data-id=\"0aa25ff\" data-element_type=\"section\">\n\t\t\t\t\t\t<div class=\"elementor-container elementor-column-gap-default\">\n\t\t\t\t\t<div class=\"elementor-column elementor-col-50 elementor-top-column elementor-element elementor-element-2b08182\" data-id=\"2b08182\" data-element_type=\"column\">\n\t\t\t<div class=\"elementor-widget-wrap elementor-element-populated\">\n\t\t\t\t\t\t<div class=\"elementor-element elementor-element-be49533 elementor-widget elementor-widget-image\" data-id=\"be49533\" data-element_type=\"widget\" data-widget_type=\"image.default\">\n\t\t\t\t<div class=\"elementor-widget-container\">\n\t\t\t\t\t\t\t\t\t\t\t\t\t\t\t\t<a href=\"https:\/\/www.hidesfotograficos.es\/\" target=\"_blank\">\n\t\t\t\t\t\t\t<img decoding=\"async\" width=\"1024\" height=\"744\" src=\"https:\/\/www.aspasl.com\/wp-content\/uploads\/2023\/11\/fototrampeo.jpg\" class=\"attachment-large size-large wp-image-1062\" alt=\"\" srcset=\"https:\/\/www.aspasl.com\/wp-content\/uploads\/2023\/11\/fototrampeo.jpg 1024w, https:\/\/www.aspasl.com\/wp-content\/uploads\/2023\/11\/fototrampeo-300x218.jpg 300w, https:\/\/www.aspasl.com\/wp-content\/uploads\/2023\/11\/fototrampeo-768x558.jpg 768w\" sizes=\"(max-width: 1024px) 100vw, 1024px\" \/>\t\t\t\t\t\t\t\t<\/a>\n\t\t\t\t\t\t\t\t\t\t\t\t\t\t\t<\/div>\n\t\t\t\t<\/div>\n\t\t\t\t\t<\/div>\n\t\t<\/div>\n\t\t\t\t<div class=\"elementor-column elementor-col-50 elementor-top-column elementor-element elementor-element-d40ac08\" data-id=\"d40ac08\" data-element_type=\"column\">\n\t\t\t<div class=\"elementor-widget-wrap elementor-element-populated\">\n\t\t\t\t\t\t<div class=\"elementor-element elementor-element-96a691f elementor-widget elementor-widget-text-editor\" data-id=\"96a691f\" data-element_type=\"widget\" data-widget_type=\"text-editor.default\">\n\t\t\t\t<div class=\"elementor-widget-container\">\n\t\t\t\t\t\t\t\t\t<p>Las <strong>c\u00e1maras de fototrampeo<\/strong> son dispositivos autom\u00e1ticos que se activan mediante sensores de movimiento. Son una herramienta imprescindible para realizar el seguimiento de fauna de dif\u00edcil observaci\u00f3n directa, como es el caso de los mam\u00edferos.<\/p><p>Somo especialistas en fototrampeo y gestionamos la web www.fototrampeo.es, pionera del mundo del fototrampeo en Espa\u00f1a.<\/p><p><a href=\"https:\/\/fototrampeo.es\/\" target=\"_blank\" rel=\"noopener\"><img decoding=\"async\" class=\"aligncenter wp-image-142 size-medium\" src=\"https:\/\/www.aspasl.com\/wp-content\/uploads\/2019\/07\/LOGO-FOTOTRAMPEO-TRANS-300x61.png\" alt=\"\" width=\"300\" height=\"61\" srcset=\"https:\/\/www.aspasl.com\/wp-content\/uploads\/2019\/07\/LOGO-FOTOTRAMPEO-TRANS-300x61.png 300w, https:\/\/www.aspasl.com\/wp-content\/uploads\/2019\/07\/LOGO-FOTOTRAMPEO-TRANS-768x157.png 768w, https:\/\/www.aspasl.com\/wp-content\/uploads\/2019\/07\/LOGO-FOTOTRAMPEO-TRANS.png 782w\" sizes=\"(max-width: 300px) 100vw, 300px\" \/><\/a><\/p>\t\t\t\t\t\t\t\t<\/div>\n\t\t\t\t<\/div>\n\t\t\t\t\t<\/div>\n\t\t<\/div>\n\t\t\t\t\t<\/div>\n\t\t<\/section>\n\t\t\t\t<\/div>\n\t\t","protected":false},"excerpt":{"rendered":"<p>Realizamos estudios de fauna espec\u00edficos para la Evaluaci\u00f3n Ambiental de proyectos, estando especializados en avifauna y tambi\u00e9n mam\u00edferos. Somo expertos en el uso de equipos basados en nuevas tecnolog\u00edas, que permiten realizar el seguimiento de la fauna de una manera m\u00e1s eficiente y con el m\u00ednimo de afecci\u00f3n a la fauna.\u00a0 Utilizamos c\u00e1maras de fototrampeo&nbsp;&hellip;<\/p>\n","protected":false},"author":1,"featured_media":0,"parent":0,"menu_order":0,"comment_status":"closed","ping_status":"closed","template":"","meta":{"_monsterinsights_skip_tracking":false,"_monsterinsights_sitenote_active":false,"_monsterinsights_sitenote_note":"","_monsterinsights_sitenote_category":0,"footnotes":""},"class_list":["post-1051","page","type-page","status-publish","hentry"],"_links":{"self":[{"href":"https:\/\/www.aspasl.com\/index.php\/wp-json\/wp\/v2\/pages\/1051","targetHints":{"allow":["GET"]}}],"collection":[{"href":"https:\/\/www.aspasl.com\/index.php\/wp-json\/wp\/v2\/pages"}],"about":[{"href":"https:\/\/www.aspasl.com\/index.php\/wp-json\/wp\/v2\/types\/page"}],"author":[{"embeddable":true,"href":"https:\/\/www.aspasl.com\/index.php\/wp-json\/wp\/v2\/users\/1"}],"replies":[{"embeddable":true,"href":"https:\/\/www.aspasl.com\/index.php\/wp-json\/wp\/v2\/comments?post=1051"}],"version-history":[{"count":0,"href":"https:\/\/www.aspasl.com\/index.php\/wp-json\/wp\/v2\/pages\/1051\/revisions"}],"wp:attachment":[{"href":"https:\/\/www.aspasl.com\/index.php\/wp-json\/wp\/v2\/media?parent=1051"}],"curies":[{"name":"wp","href":"https:\/\/api.w.org\/{rel}","templated":true}]}}