{"id":40,"date":"2019-07-08T09:24:12","date_gmt":"2019-07-08T09:24:12","guid":{"rendered":"https:\/\/www.aspasl.com\/index.php\/materialis\/"},"modified":"2023-11-28T11:35:30","modified_gmt":"2023-11-28T11:35:30","slug":"materialis","status":"publish","type":"page","link":"https:\/\/www.aspasl.com\/","title":{"rendered":"Front Page"},"content":{"rendered":"\t\t<div data-elementor-type=\"wp-page\" data-elementor-id=\"40\" class=\"elementor elementor-40\" data-elementor-post-type=\"page\">\n\t\t\t\t\t\t<section class=\"elementor-section elementor-top-section elementor-element elementor-element-bd3dc63 elementor-section-boxed elementor-section-height-default elementor-section-height-default\" data-id=\"bd3dc63\" data-element_type=\"section\">\n\t\t\t\t\t\t<div class=\"elementor-container elementor-column-gap-default\">\n\t\t\t\t\t<div class=\"elementor-column elementor-col-100 elementor-top-column elementor-element elementor-element-3938a45\" data-id=\"3938a45\" data-element_type=\"column\">\n\t\t\t<div class=\"elementor-widget-wrap\">\n\t\t\t\t\t\t\t<\/div>\n\t\t<\/div>\n\t\t\t\t\t<\/div>\n\t\t<\/section>\n\t\t\t\t<section class=\"elementor-section elementor-top-section elementor-element elementor-element-258f6da elementor-section-boxed elementor-section-height-default elementor-section-height-default\" data-id=\"258f6da\" data-element_type=\"section\">\n\t\t\t\t\t\t<div class=\"elementor-container elementor-column-gap-default\">\n\t\t\t\t\t<div class=\"elementor-column elementor-col-25 elementor-top-column elementor-element elementor-element-1213582\" data-id=\"1213582\" data-element_type=\"column\">\n\t\t\t<div class=\"elementor-widget-wrap elementor-element-populated\">\n\t\t\t\t\t\t<div class=\"elementor-element elementor-element-d05befe elementor-position-top elementor-widget elementor-widget-image-box\" data-id=\"d05befe\" data-element_type=\"widget\" data-widget_type=\"image-box.default\">\n\t\t\t\t<div class=\"elementor-widget-container\">\n\t\t\t\t\t<div class=\"elementor-image-box-wrapper\"><figure class=\"elementor-image-box-img\"><a href=\"https:\/\/www.aspasl.com\/index.php\/area-de-estudios-medioambientales\/\" tabindex=\"-1\"><img fetchpriority=\"high\" decoding=\"async\" width=\"768\" height=\"595\" src=\"https:\/\/www.aspasl.com\/wp-content\/uploads\/2023\/11\/eolico1-768x595.jpg\" class=\"attachment-medium_large size-medium_large wp-image-979\" alt=\"\" srcset=\"https:\/\/www.aspasl.com\/wp-content\/uploads\/2023\/11\/eolico1-768x595.jpg 768w, https:\/\/www.aspasl.com\/wp-content\/uploads\/2023\/11\/eolico1-300x233.jpg 300w, https:\/\/www.aspasl.com\/wp-content\/uploads\/2023\/11\/eolico1-1024x794.jpg 1024w, https:\/\/www.aspasl.com\/wp-content\/uploads\/2023\/11\/eolico1.jpg 1085w\" sizes=\"(max-width: 768px) 100vw, 768px\" \/><\/a><\/figure><div class=\"elementor-image-box-content\"><h3 class=\"elementor-image-box-title\"><a href=\"https:\/\/www.aspasl.com\/index.php\/area-de-estudios-medioambientales\/\">Evaluaci\u00f3n<br>ambiental<\/a><\/h3><p class=\"elementor-image-box-description\">Evaluamos ambientalmente tu proyecto para su integraci\u00f3n en el territorio  <\/p><\/div><\/div>\t\t\t\t<\/div>\n\t\t\t\t<\/div>\n\t\t\t\t\t<\/div>\n\t\t<\/div>\n\t\t\t\t<div class=\"elementor-column elementor-col-25 elementor-top-column elementor-element elementor-element-a35cb0f\" data-id=\"a35cb0f\" data-element_type=\"column\">\n\t\t\t<div class=\"elementor-widget-wrap elementor-element-populated\">\n\t\t\t\t\t\t<div class=\"elementor-element elementor-element-f451d52 elementor-position-top elementor-widget elementor-widget-image-box\" data-id=\"f451d52\" data-element_type=\"widget\" data-widget_type=\"image-box.default\">\n\t\t\t\t<div class=\"elementor-widget-container\">\n\t\t\t\t\t<div class=\"elementor-image-box-wrapper\"><figure class=\"elementor-image-box-img\"><a href=\"https:\/\/www.aspasl.com\/index.php\/area-de-estudios-medioambientales-2\/\" tabindex=\"-1\"><img decoding=\"async\" width=\"768\" height=\"594\" src=\"https:\/\/www.aspasl.com\/wp-content\/uploads\/2023\/11\/social2-768x594.jpg\" class=\"attachment-medium_large size-medium_large wp-image-1000\" alt=\"\" srcset=\"https:\/\/www.aspasl.com\/wp-content\/uploads\/2023\/11\/social2-768x594.jpg 768w, https:\/\/www.aspasl.com\/wp-content\/uploads\/2023\/11\/social2-300x232.jpg 300w, https:\/\/www.aspasl.com\/wp-content\/uploads\/2023\/11\/social2.jpg 953w\" sizes=\"(max-width: 768px) 100vw, 768px\" \/><\/a><\/figure><div class=\"elementor-image-box-content\"><h3 class=\"elementor-image-box-title\"><a href=\"https:\/\/www.aspasl.com\/index.php\/area-de-estudios-medioambientales-2\/\">Estudios sociales<\/a><\/h3><p class=\"elementor-image-box-description\">Las personas son parte integrante del territorio y su opini\u00f3n y participaci\u00f3n activa importa  <\/p><\/div><\/div>\t\t\t\t<\/div>\n\t\t\t\t<\/div>\n\t\t\t\t\t<\/div>\n\t\t<\/div>\n\t\t\t\t<div class=\"elementor-column elementor-col-25 elementor-top-column elementor-element elementor-element-e76ccb2\" data-id=\"e76ccb2\" data-element_type=\"column\">\n\t\t\t<div class=\"elementor-widget-wrap elementor-element-populated\">\n\t\t\t\t\t\t<div class=\"elementor-element elementor-element-4850b92 elementor-position-top elementor-widget elementor-widget-image-box\" data-id=\"4850b92\" data-element_type=\"widget\" data-widget_type=\"image-box.default\">\n\t\t\t\t<div class=\"elementor-widget-container\">\n\t\t\t\t\t<div class=\"elementor-image-box-wrapper\"><figure class=\"elementor-image-box-img\"><a href=\"https:\/\/www.aspasl.com\/index.php\/estudios-de-fauna\/\" tabindex=\"-1\"><img decoding=\"async\" width=\"768\" height=\"604\" src=\"https:\/\/www.aspasl.com\/wp-content\/uploads\/2023\/11\/roquero-rojo-768x604.jpg\" class=\"attachment-medium_large size-medium_large wp-image-1001\" alt=\"\" srcset=\"https:\/\/www.aspasl.com\/wp-content\/uploads\/2023\/11\/roquero-rojo-768x604.jpg 768w, https:\/\/www.aspasl.com\/wp-content\/uploads\/2023\/11\/roquero-rojo-300x236.jpg 300w, https:\/\/www.aspasl.com\/wp-content\/uploads\/2023\/11\/roquero-rojo.jpg 786w\" sizes=\"(max-width: 768px) 100vw, 768px\" \/><\/a><\/figure><div class=\"elementor-image-box-content\"><h3 class=\"elementor-image-box-title\"><a href=\"https:\/\/www.aspasl.com\/index.php\/estudios-de-fauna\/\">Estudios de fauna<\/a><\/h3><p class=\"elementor-image-box-description\">Analizamos los ecosistemas y el estado de las poblaciones de fauna silvestre<\/p><\/div><\/div>\t\t\t\t<\/div>\n\t\t\t\t<\/div>\n\t\t\t\t\t<\/div>\n\t\t<\/div>\n\t\t\t\t<div class=\"elementor-column elementor-col-25 elementor-top-column elementor-element elementor-element-e2c19a8\" data-id=\"e2c19a8\" data-element_type=\"column\">\n\t\t\t<div class=\"elementor-widget-wrap elementor-element-populated\">\n\t\t\t\t\t\t<div class=\"elementor-element elementor-element-86b26ec elementor-position-top elementor-widget elementor-widget-image-box\" data-id=\"86b26ec\" data-element_type=\"widget\" data-widget_type=\"image-box.default\">\n\t\t\t\t<div class=\"elementor-widget-container\">\n\t\t\t\t\t<div class=\"elementor-image-box-wrapper\"><figure class=\"elementor-image-box-img\"><a href=\"https:\/\/www.aspasl.com\/index.php\/area-de-formacion-y-educacion\/\" tabindex=\"-1\"><img loading=\"lazy\" decoding=\"async\" width=\"768\" height=\"594\" src=\"https:\/\/www.aspasl.com\/wp-content\/uploads\/2023\/11\/formacion-768x594.jpg\" class=\"attachment-medium_large size-medium_large wp-image-1009\" alt=\"\" srcset=\"https:\/\/www.aspasl.com\/wp-content\/uploads\/2023\/11\/formacion-768x594.jpg 768w, https:\/\/www.aspasl.com\/wp-content\/uploads\/2023\/11\/formacion-300x232.jpg 300w, https:\/\/www.aspasl.com\/wp-content\/uploads\/2023\/11\/formacion-1024x792.jpg 1024w, https:\/\/www.aspasl.com\/wp-content\/uploads\/2023\/11\/formacion-1536x1189.jpg 1536w, https:\/\/www.aspasl.com\/wp-content\/uploads\/2023\/11\/formacion-1232x953.jpg 1232w, https:\/\/www.aspasl.com\/wp-content\/uploads\/2023\/11\/formacion-1396x1080.jpg 1396w, https:\/\/www.aspasl.com\/wp-content\/uploads\/2023\/11\/formacion.jpg 1654w\" sizes=\"(max-width: 768px) 100vw, 768px\" \/><\/a><\/figure><div class=\"elementor-image-box-content\"><h3 class=\"elementor-image-box-title\"><a href=\"https:\/\/www.aspasl.com\/index.php\/area-de-formacion-y-educacion\/\">Formaci\u00f3n<\/a><\/h3><p class=\"elementor-image-box-description\">Somo expertos en formaci\u00f3n on-line para la administraci\u00f3n p\u00fablica<\/p><\/div><\/div>\t\t\t\t<\/div>\n\t\t\t\t<\/div>\n\t\t\t\t\t<\/div>\n\t\t<\/div>\n\t\t\t\t\t<\/div>\n\t\t<\/section>\n\t\t\t\t<section class=\"elementor-section elementor-top-section elementor-element elementor-element-730adec elementor-section-boxed elementor-section-height-default elementor-section-height-default\" data-id=\"730adec\" data-element_type=\"section\">\n\t\t\t\t\t\t<div class=\"elementor-container elementor-column-gap-default\">\n\t\t\t\t\t<div class=\"elementor-column elementor-col-100 elementor-top-column elementor-element elementor-element-24d8255\" data-id=\"24d8255\" data-element_type=\"column\">\n\t\t\t<div class=\"elementor-widget-wrap elementor-element-populated\">\n\t\t\t\t\t\t<div class=\"elementor-element elementor-element-747b08d elementor-widget elementor-widget-image\" data-id=\"747b08d\" data-element_type=\"widget\" data-widget_type=\"image.default\">\n\t\t\t\t<div class=\"elementor-widget-container\">\n\t\t\t\t\t\t\t\t\t\t\t\t<figure class=\"wp-caption\">\n\t\t\t\t\t\t\t\t\t\t<img loading=\"lazy\" decoding=\"async\" width=\"1024\" height=\"298\" src=\"https:\/\/www.aspasl.com\/wp-content\/uploads\/2023\/11\/renovables1_rotulado2-1024x298.png\" class=\"attachment-large size-large wp-image-1020\" alt=\"\" srcset=\"https:\/\/www.aspasl.com\/wp-content\/uploads\/2023\/11\/renovables1_rotulado2-1024x298.png 1024w, https:\/\/www.aspasl.com\/wp-content\/uploads\/2023\/11\/renovables1_rotulado2-300x87.png 300w, https:\/\/www.aspasl.com\/wp-content\/uploads\/2023\/11\/renovables1_rotulado2-768x224.png 768w, https:\/\/www.aspasl.com\/wp-content\/uploads\/2023\/11\/renovables1_rotulado2-1232x359.png 1232w, https:\/\/www.aspasl.com\/wp-content\/uploads\/2023\/11\/renovables1_rotulado2.png 1280w\" sizes=\"(max-width: 1024px) 100vw, 1024px\" \/>\t\t\t\t\t\t\t\t\t\t\t<figcaption class=\"widget-image-caption wp-caption-text\"><\/figcaption>\n\t\t\t\t\t\t\t\t\t\t<\/figure>\n\t\t\t\t\t\t\t\t\t<\/div>\n\t\t\t\t<\/div>\n\t\t\t\t\t<\/div>\n\t\t<\/div>\n\t\t\t\t\t<\/div>\n\t\t<\/section>\n\t\t\t\t<section class=\"elementor-section elementor-top-section elementor-element elementor-element-7461697 elementor-section-boxed elementor-section-height-default elementor-section-height-default\" data-id=\"7461697\" data-element_type=\"section\">\n\t\t\t\t\t\t<div class=\"elementor-container elementor-column-gap-default\">\n\t\t\t\t\t<div class=\"elementor-column elementor-col-100 elementor-top-column elementor-element elementor-element-4f6aaf9\" data-id=\"4f6aaf9\" data-element_type=\"column\">\n\t\t\t<div class=\"elementor-widget-wrap elementor-element-populated\">\n\t\t\t\t\t\t<div class=\"elementor-element elementor-element-f524686 elementor-widget elementor-widget-heading\" data-id=\"f524686\" data-element_type=\"widget\" data-widget_type=\"heading.default\">\n\t\t\t\t<div class=\"elementor-widget-container\">\n\t\t\t\t\t<h3 class=\"elementor-heading-title elementor-size-xl\">Noticias<\/h3>\t\t\t\t<\/div>\n\t\t\t\t<\/div>\n\t\t\t\t\t<\/div>\n\t\t<\/div>\n\t\t\t\t\t<\/div>\n\t\t<\/section>\n\t\t\t\t<section class=\"elementor-section elementor-top-section elementor-element elementor-element-69e836f elementor-section-boxed elementor-section-height-default elementor-section-height-default\" data-id=\"69e836f\" data-element_type=\"section\">\n\t\t\t\t\t\t<div class=\"elementor-container elementor-column-gap-default\">\n\t\t\t\t\t<div class=\"elementor-column elementor-col-100 elementor-top-column elementor-element elementor-element-b819511\" data-id=\"b819511\" data-element_type=\"column\">\n\t\t\t<div class=\"elementor-widget-wrap elementor-element-populated\">\n\t\t\t\t\t\t<div class=\"elementor-element elementor-element-3b66c9c elementor-grid-5 elementor-posts--align-left elementor-grid-tablet-2 elementor-grid-mobile-1 elementor-posts--thumbnail-top elementor-widget elementor-widget-posts\" data-id=\"3b66c9c\" data-element_type=\"widget\" data-settings=\"{&quot;classic_columns&quot;:&quot;5&quot;,&quot;classic_row_gap&quot;:{&quot;unit&quot;:&quot;px&quot;,&quot;size&quot;:31,&quot;sizes&quot;:[]},&quot;pagination_type&quot;:&quot;prev_next&quot;,&quot;classic_columns_tablet&quot;:&quot;2&quot;,&quot;classic_columns_mobile&quot;:&quot;1&quot;,&quot;classic_row_gap_tablet&quot;:{&quot;unit&quot;:&quot;px&quot;,&quot;size&quot;:&quot;&quot;,&quot;sizes&quot;:[]},&quot;classic_row_gap_mobile&quot;:{&quot;unit&quot;:&quot;px&quot;,&quot;size&quot;:&quot;&quot;,&quot;sizes&quot;:[]}}\" data-widget_type=\"posts.classic\">\n\t\t\t\t<div class=\"elementor-widget-container\">\n\t\t\t\t\t\t\t<div class=\"elementor-posts-container elementor-posts elementor-posts--skin-classic elementor-grid\" role=\"list\">\n\t\t\t\t<article class=\"elementor-post elementor-grid-item post-1113 post type-post status-publish format-standard has-post-thumbnail hentry category-noticias\" role=\"listitem\">\n\t\t\t\t<a class=\"elementor-post__thumbnail__link\" href=\"https:\/\/www.aspasl.com\/index.php\/2023\/11\/27\/el-impacto-social-de-las-energias-renovables\/\" tabindex=\"-1\" >\n\t\t\t<div class=\"elementor-post__thumbnail\"><img loading=\"lazy\" decoding=\"async\" width=\"300\" height=\"200\" src=\"https:\/\/www.aspasl.com\/wp-content\/uploads\/2023\/11\/man-2562325_1280-300x200.jpg\" class=\"attachment-medium size-medium wp-image-1123\" alt=\"\" srcset=\"https:\/\/www.aspasl.com\/wp-content\/uploads\/2023\/11\/man-2562325_1280-300x200.jpg 300w, https:\/\/www.aspasl.com\/wp-content\/uploads\/2023\/11\/man-2562325_1280-1024x682.jpg 1024w, https:\/\/www.aspasl.com\/wp-content\/uploads\/2023\/11\/man-2562325_1280-768x512.jpg 768w, https:\/\/www.aspasl.com\/wp-content\/uploads\/2023\/11\/man-2562325_1280-1232x821.jpg 1232w, https:\/\/www.aspasl.com\/wp-content\/uploads\/2023\/11\/man-2562325_1280.jpg 1280w\" sizes=\"(max-width: 300px) 100vw, 300px\" \/><\/div>\n\t\t<\/a>\n\t\t\t\t<div class=\"elementor-post__text\">\n\t\t\t\t<h3 class=\"elementor-post__title\">\n\t\t\t<a href=\"https:\/\/www.aspasl.com\/index.php\/2023\/11\/27\/el-impacto-social-de-las-energias-renovables\/\" >\n\t\t\t\tBalance 2023 de formaci\u00f3n \u00abon-line\u00bb\t\t\t<\/a>\n\t\t<\/h3>\n\t\t\t\t<div class=\"elementor-post__meta-data\">\n\t\t\t\t\t<span class=\"elementor-post-date\">\n\t\t\t27\/11\/2023\t\t<\/span>\n\t\t\t\t<\/div>\n\t\t\n\t\t<a class=\"elementor-post__read-more\" href=\"https:\/\/www.aspasl.com\/index.php\/2023\/11\/27\/el-impacto-social-de-las-energias-renovables\/\" aria-label=\"M\u00e1s informaci\u00f3n sobre Balance 2023 de formaci\u00f3n \u00abon-line\u00bb\" tabindex=\"-1\" >\n\t\t\tLeer m\u00e1s \u00bb\t\t<\/a>\n\n\t\t\t\t<\/div>\n\t\t\t\t<\/article>\n\t\t\t\t<article class=\"elementor-post elementor-grid-item post-1090 post type-post status-publish format-standard has-post-thumbnail hentry category-noticias\" role=\"listitem\">\n\t\t\t\t<a class=\"elementor-post__thumbnail__link\" href=\"https:\/\/www.aspasl.com\/index.php\/2023\/10\/18\/el-impacto-social-de-las-energias-renovables-2\/\" tabindex=\"-1\" >\n\t\t\t<div class=\"elementor-post__thumbnail\"><img loading=\"lazy\" decoding=\"async\" width=\"300\" height=\"197\" src=\"https:\/\/www.aspasl.com\/wp-content\/uploads\/2023\/11\/montaje-solar2-300x197.jpg\" class=\"attachment-medium size-medium wp-image-871\" alt=\"\" srcset=\"https:\/\/www.aspasl.com\/wp-content\/uploads\/2023\/11\/montaje-solar2-300x197.jpg 300w, https:\/\/www.aspasl.com\/wp-content\/uploads\/2023\/11\/montaje-solar2-1024x673.jpg 1024w, https:\/\/www.aspasl.com\/wp-content\/uploads\/2023\/11\/montaje-solar2-768x505.jpg 768w, https:\/\/www.aspasl.com\/wp-content\/uploads\/2023\/11\/montaje-solar2-1232x809.jpg 1232w, https:\/\/www.aspasl.com\/wp-content\/uploads\/2023\/11\/montaje-solar2.jpg 1280w\" sizes=\"(max-width: 300px) 100vw, 300px\" \/><\/div>\n\t\t<\/a>\n\t\t\t\t<div class=\"elementor-post__text\">\n\t\t\t\t<h3 class=\"elementor-post__title\">\n\t\t\t<a href=\"https:\/\/www.aspasl.com\/index.php\/2023\/10\/18\/el-impacto-social-de-las-energias-renovables-2\/\" >\n\t\t\t\tEl impacto social de las energ\u00edas renovables\t\t\t<\/a>\n\t\t<\/h3>\n\t\t\t\t<div class=\"elementor-post__meta-data\">\n\t\t\t\t\t<span class=\"elementor-post-date\">\n\t\t\t18\/10\/2023\t\t<\/span>\n\t\t\t\t<\/div>\n\t\t\n\t\t<a class=\"elementor-post__read-more\" href=\"https:\/\/www.aspasl.com\/index.php\/2023\/10\/18\/el-impacto-social-de-las-energias-renovables-2\/\" aria-label=\"M\u00e1s informaci\u00f3n sobre El impacto social de las energ\u00edas renovables\" tabindex=\"-1\" >\n\t\t\tLeer m\u00e1s \u00bb\t\t<\/a>\n\n\t\t\t\t<\/div>\n\t\t\t\t<\/article>\n\t\t\t\t<article class=\"elementor-post elementor-grid-item post-727 post type-post status-publish format-standard has-post-thumbnail hentry category-noticias\" role=\"listitem\">\n\t\t\t\t<a class=\"elementor-post__thumbnail__link\" href=\"https:\/\/www.aspasl.com\/index.php\/2020\/01\/16\/elementor-727\/\" tabindex=\"-1\" >\n\t\t\t<div class=\"elementor-post__thumbnail\"><img loading=\"lazy\" decoding=\"async\" width=\"300\" height=\"181\" src=\"https:\/\/www.aspasl.com\/wp-content\/uploads\/2020\/01\/zorro-300x181.jpg\" class=\"attachment-medium size-medium wp-image-758\" alt=\"\" srcset=\"https:\/\/www.aspasl.com\/wp-content\/uploads\/2020\/01\/zorro-300x181.jpg 300w, https:\/\/www.aspasl.com\/wp-content\/uploads\/2020\/01\/zorro-768x464.jpg 768w, https:\/\/www.aspasl.com\/wp-content\/uploads\/2020\/01\/zorro.jpg 800w\" sizes=\"(max-width: 300px) 100vw, 300px\" \/><\/div>\n\t\t<\/a>\n\t\t\t\t<div class=\"elementor-post__text\">\n\t\t\t\t<h3 class=\"elementor-post__title\">\n\t\t\t<a href=\"https:\/\/www.aspasl.com\/index.php\/2020\/01\/16\/elementor-727\/\" >\n\t\t\t\tNuevas tecnolog\u00edas aplicadas al seguimiento de la fauna.\t\t\t<\/a>\n\t\t<\/h3>\n\t\t\t\t<div class=\"elementor-post__meta-data\">\n\t\t\t\t\t<span class=\"elementor-post-date\">\n\t\t\t16\/01\/2020\t\t<\/span>\n\t\t\t\t<\/div>\n\t\t\n\t\t<a class=\"elementor-post__read-more\" href=\"https:\/\/www.aspasl.com\/index.php\/2020\/01\/16\/elementor-727\/\" aria-label=\"M\u00e1s informaci\u00f3n sobre Nuevas tecnolog\u00edas aplicadas al seguimiento de la fauna.\" tabindex=\"-1\" >\n\t\t\tLeer m\u00e1s \u00bb\t\t<\/a>\n\n\t\t\t\t<\/div>\n\t\t\t\t<\/article>\n\t\t\t\t<\/div>\n\t\t\n\t\t\t\t\t\t<\/div>\n\t\t\t\t<\/div>\n\t\t\t\t\t<\/div>\n\t\t<\/div>\n\t\t\t\t\t<\/div>\n\t\t<\/section>\n\t\t\t\t<\/div>\n\t\t","protected":false},"excerpt":{"rendered":"<p>Evaluaci\u00f3nambientalEvaluamos ambientalmente tu proyecto para su integraci\u00f3n en el territorio Estudios socialesLas personas son parte integrante del territorio y su opini\u00f3n y participaci\u00f3n activa importa Estudios de faunaAnalizamos los ecosistemas y el estado de las poblaciones de fauna silvestre Formaci\u00f3nSomo expertos en formaci\u00f3n on-line para la administraci\u00f3n p\u00fablica Noticias<\/p>\n","protected":false},"author":1,"featured_media":0,"parent":0,"menu_order":0,"comment_status":"closed","ping_status":"closed","template":"page-templates\/homepage.php","meta":{"_monsterinsights_skip_tracking":false,"_monsterinsights_sitenote_active":false,"_monsterinsights_sitenote_note":"","_monsterinsights_sitenote_category":0,"footnotes":""},"class_list":["post-40","page","type-page","status-publish","hentry"],"_links":{"self":[{"href":"https:\/\/www.aspasl.com\/index.php\/wp-json\/wp\/v2\/pages\/40","targetHints":{"allow":["GET"]}}],"collection":[{"href":"https:\/\/www.aspasl.com\/index.php\/wp-json\/wp\/v2\/pages"}],"about":[{"href":"https:\/\/www.aspasl.com\/index.php\/wp-json\/wp\/v2\/types\/page"}],"author":[{"embeddable":true,"href":"https:\/\/www.aspasl.com\/index.php\/wp-json\/wp\/v2\/users\/1"}],"replies":[{"embeddable":true,"href":"https:\/\/www.aspasl.com\/index.php\/wp-json\/wp\/v2\/comments?post=40"}],"version-history":[{"count":24,"href":"https:\/\/www.aspasl.com\/index.php\/wp-json\/wp\/v2\/pages\/40\/revisions"}],"predecessor-version":[{"id":1219,"href":"https:\/\/www.aspasl.com\/index.php\/wp-json\/wp\/v2\/pages\/40\/revisions\/1219"}],"wp:attachment":[{"href":"https:\/\/www.aspasl.com\/index.php\/wp-json\/wp\/v2\/media?parent=40"}],"curies":[{"name":"wp","href":"https:\/\/api.w.org\/{rel}","templated":true}]}}