{"id":793,"date":"2020-02-25T11:06:17","date_gmt":"2020-02-25T11:06:17","guid":{"rendered":"https:\/\/www.aspasl.com\/?page_id=793"},"modified":"2020-02-25T11:28:28","modified_gmt":"2020-02-25T11:28:28","slug":"informe-tecnico-sobre-la-huella-de-carbono-del-municipio","status":"publish","type":"page","link":"https:\/\/www.aspasl.com\/index.php\/informe-tecnico-sobre-la-huella-de-carbono-del-municipio\/","title":{"rendered":"Informe t\u00e9cnico sobre  la huella de carbono del municipio"},"content":{"rendered":"\t\t<div data-elementor-type=\"wp-page\" data-elementor-id=\"793\" class=\"elementor elementor-793\" data-elementor-post-type=\"page\">\n\t\t\t\t\t\t<section class=\"elementor-section elementor-top-section elementor-element elementor-element-0b0d656 elementor-section-boxed elementor-section-height-default elementor-section-height-default\" data-id=\"0b0d656\" data-element_type=\"section\">\n\t\t\t\t\t\t<div class=\"elementor-container elementor-column-gap-default\">\n\t\t\t\t\t<div class=\"elementor-column elementor-col-100 elementor-top-column elementor-element elementor-element-475e0c9\" data-id=\"475e0c9\" data-element_type=\"column\">\n\t\t\t<div class=\"elementor-widget-wrap elementor-element-populated\">\n\t\t\t\t\t\t<div class=\"elementor-element elementor-element-bfd5a5e elementor-widget elementor-widget-text-editor\" data-id=\"bfd5a5e\" data-element_type=\"widget\" data-widget_type=\"text-editor.default\">\n\t\t\t\t<div class=\"elementor-widget-container\">\n\t\t\t\t\t\t\t\t\t<p><img fetchpriority=\"high\" decoding=\"async\" class=\"alignleft wp-image-805 size-medium\" src=\"https:\/\/www.aspasl.com\/wp-content\/uploads\/2020\/02\/imagen-folleto-clima-5-300x300.png\" alt=\"\" width=\"300\" height=\"300\" srcset=\"https:\/\/www.aspasl.com\/wp-content\/uploads\/2020\/02\/imagen-folleto-clima-5-300x300.png 300w, https:\/\/www.aspasl.com\/wp-content\/uploads\/2020\/02\/imagen-folleto-clima-5-150x150.png 150w, https:\/\/www.aspasl.com\/wp-content\/uploads\/2020\/02\/imagen-folleto-clima-5.png 400w\" sizes=\"(max-width: 300px) 100vw, 300px\" \/>Quiz\u00e1s el primer paso, que cualquier ayuntamiento quiera dar en materia de acci\u00f3n por el clima, es el c\u00e1lculo de su huella de carbono.<\/p><p>Para ello utilizamos diversas metodolog\u00edas para definir el volumen de emisiones de Gases de Efecto Invernadero (GEI) que se recogen en una Memoria T\u00e9cnica, junto a los indicadores m\u00e1s adecuados para medir su evoluci\u00f3n en el tiempo.<\/p><p>Se concretan tambi\u00e9n una serie de acciones para reducir y compensar la huella de carbono. Este proceso puede realizarse incorporando herramientas de participaci\u00f3n ciudadana, para que los ciudadanos se impliquen en la toma de decisiones.<\/p><p>Acciones a desarrollar:<\/p><ul><li style=\"text-align: left;\">C\u00e1lculo de la huella de carbono municipal.<\/li><li style=\"text-align: left;\">Propuestas para la reducci\u00f3n de la huella de carbono.<\/li><li style=\"text-align: left;\">Medidas compensatorias.<\/li><\/ul>\t\t\t\t\t\t\t\t<\/div>\n\t\t\t\t<\/div>\n\t\t\t\t\t<\/div>\n\t\t<\/div>\n\t\t\t\t\t<\/div>\n\t\t<\/section>\n\t\t\t\t<\/div>\n\t\t","protected":false},"excerpt":{"rendered":"<p>Quiz\u00e1s el primer paso, que cualquier ayuntamiento quiera dar en materia de acci\u00f3n por el clima, es el c\u00e1lculo de su huella de carbono. Para ello utilizamos diversas metodolog\u00edas para definir el volumen de emisiones de Gases de Efecto Invernadero (GEI) que se recogen en una Memoria T\u00e9cnica, junto a los indicadores m\u00e1s adecuados para&nbsp;&hellip;<\/p>\n","protected":false},"author":1,"featured_media":0,"parent":0,"menu_order":0,"comment_status":"closed","ping_status":"closed","template":"","meta":{"_monsterinsights_skip_tracking":false,"_monsterinsights_sitenote_active":false,"_monsterinsights_sitenote_note":"","_monsterinsights_sitenote_category":0,"footnotes":""},"class_list":["post-793","page","type-page","status-publish","hentry"],"_links":{"self":[{"href":"https:\/\/www.aspasl.com\/index.php\/wp-json\/wp\/v2\/pages\/793","targetHints":{"allow":["GET"]}}],"collection":[{"href":"https:\/\/www.aspasl.com\/index.php\/wp-json\/wp\/v2\/pages"}],"about":[{"href":"https:\/\/www.aspasl.com\/index.php\/wp-json\/wp\/v2\/types\/page"}],"author":[{"embeddable":true,"href":"https:\/\/www.aspasl.com\/index.php\/wp-json\/wp\/v2\/users\/1"}],"replies":[{"embeddable":true,"href":"https:\/\/www.aspasl.com\/index.php\/wp-json\/wp\/v2\/comments?post=793"}],"version-history":[{"count":0,"href":"https:\/\/www.aspasl.com\/index.php\/wp-json\/wp\/v2\/pages\/793\/revisions"}],"wp:attachment":[{"href":"https:\/\/www.aspasl.com\/index.php\/wp-json\/wp\/v2\/media?parent=793"}],"curies":[{"name":"wp","href":"https:\/\/api.w.org\/{rel}","templated":true}]}}