{"id":827,"date":"2020-02-25T11:33:21","date_gmt":"2020-02-25T11:33:21","guid":{"rendered":"https:\/\/www.aspasl.com\/?page_id=827"},"modified":"2020-02-25T11:35:21","modified_gmt":"2020-02-25T11:35:21","slug":"talleres-escolares-sobre-cambio-climatico","status":"publish","type":"page","link":"https:\/\/www.aspasl.com\/index.php\/talleres-escolares-sobre-cambio-climatico\/","title":{"rendered":"Talleres escolares sobre cambio clim\u00e1tico"},"content":{"rendered":"\t\t<div data-elementor-type=\"wp-page\" data-elementor-id=\"827\" class=\"elementor elementor-827\" data-elementor-post-type=\"page\">\n\t\t\t\t\t\t<section class=\"elementor-section elementor-top-section elementor-element elementor-element-a02dc5a elementor-section-boxed elementor-section-height-default elementor-section-height-default\" data-id=\"a02dc5a\" data-element_type=\"section\">\n\t\t\t\t\t\t<div class=\"elementor-container elementor-column-gap-default\">\n\t\t\t\t\t<div class=\"elementor-column elementor-col-100 elementor-top-column elementor-element elementor-element-a95829b\" data-id=\"a95829b\" data-element_type=\"column\">\n\t\t\t<div class=\"elementor-widget-wrap elementor-element-populated\">\n\t\t\t\t\t\t<div class=\"elementor-element elementor-element-9710733 elementor-widget elementor-widget-text-editor\" data-id=\"9710733\" data-element_type=\"widget\" data-widget_type=\"text-editor.default\">\n\t\t\t\t<div class=\"elementor-widget-container\">\n\t\t\t\t\t\t\t\t\t<p style=\"text-align: left;\"><img fetchpriority=\"high\" decoding=\"async\" class=\"alignleft wp-image-803 size-medium\" src=\"https:\/\/www.aspasl.com\/wp-content\/uploads\/2020\/02\/imagen-folleto-clima-3-300x300.png\" alt=\"\" width=\"300\" height=\"300\" srcset=\"https:\/\/www.aspasl.com\/wp-content\/uploads\/2020\/02\/imagen-folleto-clima-3-300x300.png 300w, https:\/\/www.aspasl.com\/wp-content\/uploads\/2020\/02\/imagen-folleto-clima-3-150x150.png 150w, https:\/\/www.aspasl.com\/wp-content\/uploads\/2020\/02\/imagen-folleto-clima-3.png 400w\" sizes=\"(max-width: 300px) 100vw, 300px\" \/>Los centros escolares son excelentes amplificadores de los mensajes sobre el cambio clim\u00e1tico, ya que los propios ni\u00f1os y ni\u00f1as ser\u00e1n los principales afectados en el futuro y adem\u00e1s son muy activos en trasladar a sus familias la responsabilidad de los actos cotidianos. C\u00f3mo ir al colegio, el despilfarro de energ\u00eda, el tipo de alimentaci\u00f3n, entre otros, son cosas que afectan al clim\u00e1tico y hay soluciones que pueden ser eficaces.<\/p><p style=\"text-align: left;\">Mediante estos talleres se realizan diversas actividades en el aula que fomentan su actitud personal sobre este tema.<\/p><p>\u00a0<\/p><p>\u00a0<\/p><p>\u00a0<\/p><p>\u00a0<\/p><p style=\"text-align: left;\">Acciones a desarrollar:<\/p><ul style=\"text-align: left;\"><li>Charla informativa.<\/li><li>Juego de la huella de carbono.<\/li><li>Los super h\u00e9roes del clima.<\/li><li>\u00a1Pasemos a la acci\u00f3n!<\/li><\/ul><p style=\"text-align: left;\">\u00a0<\/p>\t\t\t\t\t\t\t\t<\/div>\n\t\t\t\t<\/div>\n\t\t\t\t\t<\/div>\n\t\t<\/div>\n\t\t\t\t\t<\/div>\n\t\t<\/section>\n\t\t\t\t<\/div>\n\t\t","protected":false},"excerpt":{"rendered":"<p>Los centros escolares son excelentes amplificadores de los mensajes sobre el cambio clim\u00e1tico, ya que los propios ni\u00f1os y ni\u00f1as ser\u00e1n los principales afectados en el futuro y adem\u00e1s son muy activos en trasladar a sus familias la responsabilidad de los actos cotidianos. C\u00f3mo ir al colegio, el despilfarro de energ\u00eda, el tipo de alimentaci\u00f3n, [&hellip;]<\/p>\n","protected":false},"author":1,"featured_media":0,"parent":0,"menu_order":0,"comment_status":"closed","ping_status":"closed","template":"","meta":{"_monsterinsights_skip_tracking":false,"_monsterinsights_sitenote_active":false,"_monsterinsights_sitenote_note":"","_monsterinsights_sitenote_category":0,"footnotes":""},"class_list":["post-827","page","type-page","status-publish","hentry"],"_links":{"self":[{"href":"https:\/\/www.aspasl.com\/index.php\/wp-json\/wp\/v2\/pages\/827","targetHints":{"allow":["GET"]}}],"collection":[{"href":"https:\/\/www.aspasl.com\/index.php\/wp-json\/wp\/v2\/pages"}],"about":[{"href":"https:\/\/www.aspasl.com\/index.php\/wp-json\/wp\/v2\/types\/page"}],"author":[{"embeddable":true,"href":"https:\/\/www.aspasl.com\/index.php\/wp-json\/wp\/v2\/users\/1"}],"replies":[{"embeddable":true,"href":"https:\/\/www.aspasl.com\/index.php\/wp-json\/wp\/v2\/comments?post=827"}],"version-history":[{"count":0,"href":"https:\/\/www.aspasl.com\/index.php\/wp-json\/wp\/v2\/pages\/827\/revisions"}],"wp:attachment":[{"href":"https:\/\/www.aspasl.com\/index.php\/wp-json\/wp\/v2\/media?parent=827"}],"curies":[{"name":"wp","href":"https:\/\/api.w.org\/{rel}","templated":true}]}}