{"id":89,"date":"2019-07-08T11:11:24","date_gmt":"2019-07-08T11:11:24","guid":{"rendered":"https:\/\/www.aspasl.com\/?page_id=89"},"modified":"2019-11-27T09:39:08","modified_gmt":"2019-11-27T09:39:08","slug":"area-de-contenidos","status":"publish","type":"page","link":"https:\/\/www.aspasl.com\/index.php\/area-de-contenidos\/","title":{"rendered":"Contenidos"},"content":{"rendered":"\t\t<div data-elementor-type=\"wp-page\" data-elementor-id=\"89\" class=\"elementor elementor-89\" data-elementor-post-type=\"page\">\n\t\t\t\t\t\t<section class=\"elementor-section elementor-top-section elementor-element elementor-element-1c72c917 elementor-section-boxed elementor-section-height-default elementor-section-height-default\" data-id=\"1c72c917\" data-element_type=\"section\">\n\t\t\t\t\t\t<div class=\"elementor-container elementor-column-gap-default\">\n\t\t\t\t\t<div class=\"elementor-column elementor-col-100 elementor-top-column elementor-element elementor-element-558c6069\" data-id=\"558c6069\" data-element_type=\"column\">\n\t\t\t<div class=\"elementor-widget-wrap elementor-element-populated\">\n\t\t\t\t\t\t<div class=\"elementor-element elementor-element-3d6e920 elementor-headline--style-highlight elementor-widget elementor-widget-animated-headline\" data-id=\"3d6e920\" data-element_type=\"widget\" data-settings=\"{&quot;marker&quot;:&quot;underline&quot;,&quot;highlighted_text&quot;:&quot;divulgativos&quot;,&quot;headline_style&quot;:&quot;highlight&quot;,&quot;loop&quot;:&quot;yes&quot;,&quot;highlight_animation_duration&quot;:1200,&quot;highlight_iteration_delay&quot;:8000}\" data-widget_type=\"animated-headline.default\">\n\t\t\t\t<div class=\"elementor-widget-container\">\n\t\t\t\t\t\t\t<h3 class=\"elementor-headline\">\n\t\t\t\t\t<span class=\"elementor-headline-plain-text elementor-headline-text-wrapper\">Dise\u00f1amos y producimos materiales<\/span>\n\t\t\t\t<span class=\"elementor-headline-dynamic-wrapper elementor-headline-text-wrapper\">\n\t\t\t\t\t<span class=\"elementor-headline-dynamic-text elementor-headline-text-active\">divulgativos<\/span>\n\t\t\t\t<\/span>\n\t\t\t\t<\/h3>\n\t\t\t\t\t\t<\/div>\n\t\t\t\t<\/div>\n\t\t\t\t<div class=\"elementor-element elementor-element-5e0b4b66 elementor-widget elementor-widget-text-editor\" data-id=\"5e0b4b66\" data-element_type=\"widget\" data-widget_type=\"text-editor.default\">\n\t\t\t\t<div class=\"elementor-widget-container\">\n\t\t\t\t\t\t\t\t\t<p><\/p>\n<p style=\"text-align: left;\">\u00a0<\/p>\n<p style=\"text-align: left;\">Tenemos una amplia experiencia en el dise\u00f1o y producci\u00f3n de materiales impresos, as\u00ed como soportes digitales web de diverso tipo.\u00a0<\/p>\n<ul class=\"wp-block-list\">\n<li style=\"text-align: left;\">Elaboraci\u00f3n de publicaciones y se\u00f1alizaci\u00f3n de promoci\u00f3n tur\u00edstica.<\/li>\n<li style=\"text-align: left;\">Elaboraci\u00f3n de libros de contenido t\u00e9cnico y divulgativo.<\/li>\n<li style=\"text-align: left;\">Carteler\u00eda y material promocional.<\/li>\n<li style=\"text-align: left;\">Exposiciones fijas e itinerantes.<\/li>\n<li style=\"text-align: left;\">Centros de interpretaci\u00f3n.<\/li>\n<li style=\"text-align: left;\">Dise\u00f1o gr\u00e1fico e ilustraciones de naturaleza.<\/li>\n<li style=\"text-align: left;\">Creaci\u00f3n de p\u00e1ginas web.<\/li>\n<li style=\"text-align: left;\">Publicaciones institucionales.<\/li>\n<li style=\"text-align: left;\">Elaboraci\u00f3n de material did\u00e1ctico.<\/li>\n<li style=\"text-align: left;\">Instalaci\u00f3n, dise\u00f1o y mantenimiento de tiendas on-line.<\/li>\n<li style=\"text-align: left;\">Instalaci\u00f3n, dise\u00f1o y mantenimiento de plataformas e-learning.<\/li>\n<\/ul>\n<p><\/p>\t\t\t\t\t\t\t\t<\/div>\n\t\t\t\t<\/div>\n\t\t\t\t\t<\/div>\n\t\t<\/div>\n\t\t\t\t\t<\/div>\n\t\t<\/section>\n\t\t\t\t<\/div>\n\t\t","protected":false},"excerpt":{"rendered":"<p>Dise\u00f1amos y producimos materiales \u00a0 Tenemos una amplia experiencia en el dise\u00f1o y producci\u00f3n de materiales impresos, as\u00ed como soportes digitales web de diverso tipo.\u00a0 Elaboraci\u00f3n de publicaciones y se\u00f1alizaci\u00f3n de promoci\u00f3n tur\u00edstica. Elaboraci\u00f3n de libros de contenido t\u00e9cnico y divulgativo. Carteler\u00eda y material promocional. Exposiciones fijas e itinerantes. Centros de interpretaci\u00f3n. Dise\u00f1o gr\u00e1fico e [&hellip;]<\/p>\n","protected":false},"author":1,"featured_media":0,"parent":0,"menu_order":0,"comment_status":"closed","ping_status":"closed","template":"","meta":{"_monsterinsights_skip_tracking":false,"_monsterinsights_sitenote_active":false,"_monsterinsights_sitenote_note":"","_monsterinsights_sitenote_category":0,"footnotes":""},"class_list":["post-89","page","type-page","status-publish","hentry"],"_links":{"self":[{"href":"https:\/\/www.aspasl.com\/index.php\/wp-json\/wp\/v2\/pages\/89","targetHints":{"allow":["GET"]}}],"collection":[{"href":"https:\/\/www.aspasl.com\/index.php\/wp-json\/wp\/v2\/pages"}],"about":[{"href":"https:\/\/www.aspasl.com\/index.php\/wp-json\/wp\/v2\/types\/page"}],"author":[{"embeddable":true,"href":"https:\/\/www.aspasl.com\/index.php\/wp-json\/wp\/v2\/users\/1"}],"replies":[{"embeddable":true,"href":"https:\/\/www.aspasl.com\/index.php\/wp-json\/wp\/v2\/comments?post=89"}],"version-history":[{"count":0,"href":"https:\/\/www.aspasl.com\/index.php\/wp-json\/wp\/v2\/pages\/89\/revisions"}],"wp:attachment":[{"href":"https:\/\/www.aspasl.com\/index.php\/wp-json\/wp\/v2\/media?parent=89"}],"curies":[{"name":"wp","href":"https:\/\/api.w.org\/{rel}","templated":true}]}}